{"id":2,"date":"2024-08-30T06:18:23","date_gmt":"2024-08-30T06:18:23","guid":{"rendered":"http:\/\/snvdemo.konstfabrik.fi\/?page_id=2"},"modified":"2026-03-09T13:29:01","modified_gmt":"2026-03-09T13:29:01","slug":"etusivu","status":"publish","type":"page","link":"https:\/\/snvdemo.konstfabrik.fi\/","title":{"rendered":"Etusivu"},"content":{"rendered":"\t\t<div data-elementor-type=\"wp-page\" data-elementor-id=\"2\" class=\"elementor elementor-2\">\n\t\t\t\t<div class=\"elementor-element elementor-element-5fc0151 e-flex e-con-boxed e-con e-parent\" data-id=\"5fc0151\" data-element_type=\"container\" data-e-type=\"container\">\n\t\t\t\t\t<div class=\"e-con-inner\">\n\t\t\t\t<div class=\"elementor-element elementor-element-ca27bff elementor-widget elementor-widget-heading\" data-id=\"ca27bff\" data-element_type=\"widget\" data-e-type=\"widget\" data-widget_type=\"heading.default\">\n\t\t\t\t<div class=\"elementor-widget-container\">\n\t\t\t\t\t<h2 class=\"elementor-heading-title elementor-size-default\">Etusivu<\/h2>\t\t\t\t<\/div>\n\t\t\t\t<\/div>\n\t\t\t\t<div class=\"elementor-element elementor-element-6d97ce6 elementor-widget elementor-widget-text-editor\" data-id=\"6d97ce6\" data-element_type=\"widget\" data-e-type=\"widget\" data-widget_type=\"text-editor.default\">\n\t\t\t\t<div class=\"elementor-widget-container\">\n\t\t\t\t\t\t\t\t\t<h4 class=\"western\"><strong>SALON N\u00c4K\u00d6VAMMAISET RY:N TAUSTAA<\/strong><\/h4><p>Salon N\u00e4k\u00f6vammaiset ry. on perustettu vuonna 1986. J\u00e4seni\u00e4 yhdistyksess\u00e4 on kaikkiaan noin 100. Yhdistys toimii Varsinais-Suomen N\u00e4k\u00f6vammaiset ry:n alueella. Kattoj\u00e4rjest\u00f6n\u00e4 on N\u00e4k\u00f6vammaisten Liitto, NKL.<\/p><p>Salon N\u00e4k\u00f6vammaiset ry. perustettiin ajamaan salonseutulaisten n\u00e4k\u00f6vammaisten asioita. Yhdistyksen kotipaikka on Salon kaupunki.<\/p><p>Yhdistyksen tarkoituksena on toimia toiminta-alueella asuvien n\u00e4k\u00f6vammaisten yhdyssiteen\u00e4. Tarkoituksena on my\u00f6s pyrki\u00e4 kohottamaan heid\u00e4n taloudellista asemaansa ja edist\u00e4m\u00e4\u00e4n sek\u00e4 psyykkisi\u00e4 ett\u00e4 fyysisi\u00e4 harrastuksia. T\u00e4ss\u00e4 tarkoituksessa yhdistys harjoittaa kulttuuri-, opinto- ja virkistystoimintaa.<\/p><p><a href=\"https:\/\/www.facebook.com\/p\/Salon-N%C3%A4k%C3%B6vammaiset-100081255522363\/\">K\u00e4y vierailemassa Facebook sivuillamme t\u00e4st\u00e4.<\/a><\/p>\t\t\t\t\t\t\t\t<\/div>\n\t\t\t\t<\/div>\n\t\t\t\t<div class=\"elementor-element elementor-element-d4ee797 elementor-widget elementor-widget-image\" data-id=\"d4ee797\" data-element_type=\"widget\" data-e-type=\"widget\" data-widget_type=\"image.default\">\n\t\t\t\t<div class=\"elementor-widget-container\">\n\t\t\t\t\t\t\t\t\t\t\t\t\t\t\t<img fetchpriority=\"high\" decoding=\"async\" width=\"1024\" height=\"678\" src=\"https:\/\/snvdemo.konstfabrik.fi\/wp-content\/uploads\/2024\/10\/pexels-pixabay-34761-1-1024x678.jpg\" class=\"attachment-large size-large wp-image-328\" alt=\"\" srcset=\"https:\/\/snvdemo.konstfabrik.fi\/wp-content\/uploads\/2024\/10\/pexels-pixabay-34761-1-1024x678.jpg 1024w, https:\/\/snvdemo.konstfabrik.fi\/wp-content\/uploads\/2024\/10\/pexels-pixabay-34761-1-300x199.jpg 300w, https:\/\/snvdemo.konstfabrik.fi\/wp-content\/uploads\/2024\/10\/pexels-pixabay-34761-1-768x509.jpg 768w, https:\/\/snvdemo.konstfabrik.fi\/wp-content\/uploads\/2024\/10\/pexels-pixabay-34761-1-1536x1017.jpg 1536w, https:\/\/snvdemo.konstfabrik.fi\/wp-content\/uploads\/2024\/10\/pexels-pixabay-34761-1-2048x1356.jpg 2048w\" sizes=\"(max-width: 1024px) 100vw, 1024px\" \/>\t\t\t\t\t\t\t\t\t\t\t\t\t\t\t<\/div>\n\t\t\t\t<\/div>\n\t\t\t\t<div class=\"elementor-element elementor-element-9af1bc2 elementor-widget elementor-widget-image\" data-id=\"9af1bc2\" data-element_type=\"widget\" data-e-type=\"widget\" data-widget_type=\"image.default\">\n\t\t\t\t<div class=\"elementor-widget-container\">\n\t\t\t\t\t\t\t\t\t\t\t\t\t\t\t<img decoding=\"async\" width=\"1024\" height=\"663\" src=\"https:\/\/snvdemo.konstfabrik.fi\/wp-content\/uploads\/2024\/10\/pexels-eren-li-7188859-1024x663.jpg\" class=\"attachment-large size-large wp-image-331\" alt=\"\" srcset=\"https:\/\/snvdemo.konstfabrik.fi\/wp-content\/uploads\/2024\/10\/pexels-eren-li-7188859-1024x663.jpg 1024w, https:\/\/snvdemo.konstfabrik.fi\/wp-content\/uploads\/2024\/10\/pexels-eren-li-7188859-300x194.jpg 300w, https:\/\/snvdemo.konstfabrik.fi\/wp-content\/uploads\/2024\/10\/pexels-eren-li-7188859-768x497.jpg 768w, https:\/\/snvdemo.konstfabrik.fi\/wp-content\/uploads\/2024\/10\/pexels-eren-li-7188859.jpg 1400w\" sizes=\"(max-width: 1024px) 100vw, 1024px\" \/>\t\t\t\t\t\t\t\t\t\t\t\t\t\t\t<\/div>\n\t\t\t\t<\/div>\n\t\t\t\t\t<\/div>\n\t\t\t\t<\/div>\n\t\t<div class=\"elementor-element elementor-element-45cb3cd5 e-flex e-con-boxed e-con e-parent\" data-id=\"45cb3cd5\" data-element_type=\"container\" data-e-type=\"container\">\n\t\t\t\t\t<div class=\"e-con-inner\">\n\t\t\t\t<div class=\"elementor-element elementor-element-6fa46746 elementor-widget elementor-widget-heading\" data-id=\"6fa46746\" data-element_type=\"widget\" data-e-type=\"widget\" data-widget_type=\"heading.default\">\n\t\t\t\t<div class=\"elementor-widget-container\">\n\t\t\t\t\t<h2 class=\"elementor-heading-title elementor-size-default\">Etusivu<\/h2>\t\t\t\t<\/div>\n\t\t\t\t<\/div>\n\t\t\t\t<div class=\"elementor-element elementor-element-49cd5a4f elementor-widget elementor-widget-text-editor\" data-id=\"49cd5a4f\" data-element_type=\"widget\" data-e-type=\"widget\" data-widget_type=\"text-editor.default\">\n\t\t\t\t<div class=\"elementor-widget-container\">\n\t\t\t\t\t\t\t\t\t<h4 class=\"western\"><strong>SALON N\u00c4K\u00d6VAMMAISET RY:N TAUSTAA<\/strong><\/h4><p>Salon N\u00e4k\u00f6vammaiset ry. on perustettu vuonna 1986. J\u00e4seni\u00e4 yhdistyksess\u00e4 on kaikkiaan noin 100. Yhdistys toimii Varsinais-Suomen N\u00e4k\u00f6vammaiset ry:n alueella. Kattoj\u00e4rjest\u00f6n\u00e4 on N\u00e4k\u00f6vammaisten Liitto, NKL.<\/p><p>Salon N\u00e4k\u00f6vammaiset ry. perustettiin ajamaan salonseutulaisten n\u00e4k\u00f6vammaisten asioita. Yhdistyksen kotipaikka on Salon kaupunki.<\/p><p>Yhdistyksen tarkoituksena on toimia toiminta-alueella asuvien n\u00e4k\u00f6vammaisten yhdyssiteen\u00e4. Tarkoituksena on my\u00f6s pyrki\u00e4 kohottamaan heid\u00e4n taloudellista asemaansa ja edist\u00e4m\u00e4\u00e4n sek\u00e4 psyykkisi\u00e4 ett\u00e4 fyysisi\u00e4 harrastuksia. T\u00e4ss\u00e4 tarkoituksessa yhdistys harjoittaa kulttuuri-, opinto- ja virkistystoimintaa.<\/p><p><a href=\"https:\/\/www.facebook.com\/p\/Salon-N%C3%A4k%C3%B6vammaiset-100081255522363\/\">K\u00e4y vierailemassa Facebook sivuillamme t\u00e4st\u00e4.<\/a><\/p>\t\t\t\t\t\t\t\t<\/div>\n\t\t\t\t<\/div>\n\t\t\t\t<div class=\"elementor-element elementor-element-51062dea elementor-widget elementor-widget-image\" data-id=\"51062dea\" data-element_type=\"widget\" data-e-type=\"widget\" data-widget_type=\"image.default\">\n\t\t\t\t<div class=\"elementor-widget-container\">\n\t\t\t\t\t\t\t\t\t\t\t\t\t\t\t<img decoding=\"async\" width=\"1024\" height=\"678\" src=\"https:\/\/snvdemo.konstfabrik.fi\/wp-content\/uploads\/2026\/03\/pexels-pixabay-34761-1-scaled-1-1024x678.jpg\" class=\"attachment-large size-large wp-image-698\" alt=\"\" srcset=\"https:\/\/snvdemo.konstfabrik.fi\/wp-content\/uploads\/2026\/03\/pexels-pixabay-34761-1-scaled-1-1024x678.jpg 1024w, https:\/\/snvdemo.konstfabrik.fi\/wp-content\/uploads\/2026\/03\/pexels-pixabay-34761-1-scaled-1-300x199.jpg 300w, https:\/\/snvdemo.konstfabrik.fi\/wp-content\/uploads\/2026\/03\/pexels-pixabay-34761-1-scaled-1-768x509.jpg 768w, https:\/\/snvdemo.konstfabrik.fi\/wp-content\/uploads\/2026\/03\/pexels-pixabay-34761-1-scaled-1-1536x1018.jpg 1536w, https:\/\/snvdemo.konstfabrik.fi\/wp-content\/uploads\/2026\/03\/pexels-pixabay-34761-1-scaled-1-2048x1357.jpg 2048w\" sizes=\"(max-width: 1024px) 100vw, 1024px\" \/>\t\t\t\t\t\t\t\t\t\t\t\t\t\t\t<\/div>\n\t\t\t\t<\/div>\n\t\t\t\t<div class=\"elementor-element elementor-element-275c4779 elementor-widget elementor-widget-image\" data-id=\"275c4779\" data-element_type=\"widget\" data-e-type=\"widget\" data-widget_type=\"image.default\">\n\t\t\t\t<div class=\"elementor-widget-container\">\n\t\t\t\t\t\t\t\t\t\t\t\t\t\t\t<img loading=\"lazy\" decoding=\"async\" width=\"1024\" height=\"663\" src=\"https:\/\/snvdemo.konstfabrik.fi\/wp-content\/uploads\/2026\/03\/pexels-eren-li-7188859-1024x663.jpg\" class=\"attachment-large size-large wp-image-699\" alt=\"\" srcset=\"https:\/\/snvdemo.konstfabrik.fi\/wp-content\/uploads\/2026\/03\/pexels-eren-li-7188859-1024x663.jpg 1024w, https:\/\/snvdemo.konstfabrik.fi\/wp-content\/uploads\/2026\/03\/pexels-eren-li-7188859-300x194.jpg 300w, https:\/\/snvdemo.konstfabrik.fi\/wp-content\/uploads\/2026\/03\/pexels-eren-li-7188859-768x497.jpg 768w, https:\/\/snvdemo.konstfabrik.fi\/wp-content\/uploads\/2026\/03\/pexels-eren-li-7188859.jpg 1400w\" sizes=\"(max-width: 1024px) 100vw, 1024px\" \/>\t\t\t\t\t\t\t\t\t\t\t\t\t\t\t<\/div>\n\t\t\t\t<\/div>\n\t\t\t\t\t<\/div>\n\t\t\t\t<\/div>\n\t\t\t\t<\/div>\n\t\t","protected":false},"excerpt":{"rendered":"<p>Etusivu SALON N\u00c4K\u00d6VAMMAISET RY:N TAUSTAA Salon N\u00e4k\u00f6vammaiset ry. on perustettu vuonna 1986. J\u00e4seni\u00e4 yhdistyksess\u00e4 on kaikkiaan noin 100. Yhdistys toimii Varsinais-Suomen N\u00e4k\u00f6vammaiset ry:n alueella. Kattoj\u00e4rjest\u00f6n\u00e4 on N\u00e4k\u00f6vammaisten Liitto, NKL. Salon N\u00e4k\u00f6vammaiset ry. perustettiin ajamaan salonseutulaisten n\u00e4k\u00f6vammaisten asioita. Yhdistyksen kotipaikka on Salon kaupunki. Yhdistyksen tarkoituksena on toimia toiminta-alueella asuvien n\u00e4k\u00f6vammaisten yhdyssiteen\u00e4. Tarkoituksena on my\u00f6s pyrki\u00e4 kohottamaan &#8230; <a title=\"Etusivu\" class=\"read-more\" href=\"https:\/\/snvdemo.konstfabrik.fi\/\" aria-label=\"Lue lis\u00e4\u00e4 aiheesta Etusivu\">Lue lis\u00e4\u00e4<\/a><\/p>\n","protected":false},"author":1,"featured_media":0,"parent":0,"menu_order":0,"comment_status":"closed","ping_status":"closed","template":"","meta":{"footnotes":""},"class_list":["post-2","page","type-page","status-publish"],"_links":{"self":[{"href":"https:\/\/snvdemo.konstfabrik.fi\/index.php\/wp-json\/wp\/v2\/pages\/2","targetHints":{"allow":["GET"]}}],"collection":[{"href":"https:\/\/snvdemo.konstfabrik.fi\/index.php\/wp-json\/wp\/v2\/pages"}],"about":[{"href":"https:\/\/snvdemo.konstfabrik.fi\/index.php\/wp-json\/wp\/v2\/types\/page"}],"author":[{"embeddable":true,"href":"https:\/\/snvdemo.konstfabrik.fi\/index.php\/wp-json\/wp\/v2\/users\/1"}],"replies":[{"embeddable":true,"href":"https:\/\/snvdemo.konstfabrik.fi\/index.php\/wp-json\/wp\/v2\/comments?post=2"}],"version-history":[{"count":109,"href":"https:\/\/snvdemo.konstfabrik.fi\/index.php\/wp-json\/wp\/v2\/pages\/2\/revisions"}],"predecessor-version":[{"id":705,"href":"https:\/\/snvdemo.konstfabrik.fi\/index.php\/wp-json\/wp\/v2\/pages\/2\/revisions\/705"}],"wp:attachment":[{"href":"https:\/\/snvdemo.konstfabrik.fi\/index.php\/wp-json\/wp\/v2\/media?parent=2"}],"curies":[{"name":"wp","href":"https:\/\/api.w.org\/{rel}","templated":true}]}}