{"id":181,"date":"2024-09-15T06:24:26","date_gmt":"2024-09-15T06:24:26","guid":{"rendered":"https:\/\/demo.konstfabrik.fi\/?page_id=181"},"modified":"2024-12-08T07:26:03","modified_gmt":"2024-12-08T07:26:03","slug":"tietoa-nakovammaisuudesta","status":"publish","type":"page","link":"https:\/\/snvdemo.konstfabrik.fi\/index.php\/tietoa-nakovammaisuudesta\/","title":{"rendered":"Tietoa n\u00e4k\u00f6vammaisuudesta"},"content":{"rendered":"\t\t<div data-elementor-type=\"wp-page\" data-elementor-id=\"181\" class=\"elementor elementor-181\">\n\t\t\t\t<div class=\"elementor-element elementor-element-dbccc32 e-flex e-con-boxed e-con e-parent\" data-id=\"dbccc32\" data-element_type=\"container\" data-e-type=\"container\">\n\t\t\t\t\t<div class=\"e-con-inner\">\n\t\t\t\t<div class=\"elementor-element elementor-element-ff5d114 elementor-widget elementor-widget-heading\" data-id=\"ff5d114\" data-element_type=\"widget\" data-e-type=\"widget\" data-widget_type=\"heading.default\">\n\t\t\t\t<div class=\"elementor-widget-container\">\n\t\t\t\t\t<h2 class=\"elementor-heading-title elementor-size-default\">Tietoa n\u00e4k\u00f6vammaisuudesta<\/h2>\t\t\t\t<\/div>\n\t\t\t\t<\/div>\n\t\t\t\t\t<\/div>\n\t\t\t\t<\/div>\n\t\t<div class=\"elementor-element elementor-element-085f4ae e-flex e-con-boxed e-con e-parent\" data-id=\"085f4ae\" data-element_type=\"container\" data-e-type=\"container\">\n\t\t\t\t\t<div class=\"e-con-inner\">\n\t\t\t\t<div class=\"elementor-element elementor-element-0e75a56 elementor-widget elementor-widget-text-editor\" data-id=\"0e75a56\" data-element_type=\"widget\" data-e-type=\"widget\" data-widget_type=\"text-editor.default\">\n\t\t\t\t<div class=\"elementor-widget-container\">\n\t\t\t\t\t\t\t\t\t<p>Tarvitseeko ty\u00f6yhteis\u00f6si tietoa n\u00e4k\u00f6vammaisuudesta? Onko yhdistyksesi kiinnostunut n\u00e4k\u00f6vammaisten apuv\u00e4lineist\u00e4 ja el\u00e4m\u00e4st\u00e4? Kaipaavatko opintosi lis\u00e4tietoja n\u00e4k\u00f6vammoista ja niiden vaikutuksesta arkeen?<\/p><p>Salon N\u00e4k\u00f6vammaiset ry. tiet\u00e4\u00e4, mist\u00e4 puhuu. Yhdistys toimii Salon seudulla ja on n\u00e4k\u00f6vammaisasioiden asiantuntija. Ole rohkeasti yhteydess\u00e4, jos tarvitset digipalveluittesi testaamista, tietoa tai koulutusta.<\/p><p>Yhdistys tarjoaa eri tahoille verkkosivujen saavutettavuuden testaamista, tietoiskuja, informaatiota ja koulutusta kunkin tarpeiden mukaan. J\u00e4rjest\u00e4mme sinulle juuri sit\u00e4, mit\u00e4 tarvitset ja haluat. Ole yhteydess\u00e4 puheenjohtajaan puheenjohtaja@salonnakovammaiset.fi, niin sovitaan sis\u00e4ll\u00f6ist\u00e4. Kysy samalla hinnoista. Emme ole ilmaisia, mutta kalliiksikaan emme tule!<\/p><p><strong>Esimerkkej\u00e4 valmiista koulutus- ja informaatiopaketeista<\/strong><\/p><p><em><strong>Tietoisku<\/strong><\/em><\/p><ul><li>Kesto: 30 min<\/li><li>Hinta: 45 \u20ac (+ matkakorvaukset yli 30 km matkalta)<\/li><li>Hintaan sis\u00e4ltyy:<\/li><li>Mit\u00e4 n\u00e4k\u00f6vammaisuus on?<\/li><li>Mit\u00e4 teet, kun kohtaat n\u00e4k\u00f6vammaisen?<\/li><li>Erilaisia esitteit\u00e4<\/li><\/ul><p><em><strong>Apuv\u00e4lineist\u00e4 apua<\/strong><\/em><\/p><ul><li>Kesto: 1 tunti<\/li><li>Hinta: 100 \u20ac (+ matkakorvaus yli 30 km matkalta)<\/li><li>Hintaan sis\u00e4ltyy:<\/li><li>N\u00e4k\u00f6vammaisten apuv\u00e4lineit\u00e4<\/li><li>Mit\u00e4 hy\u00f6ty\u00e4 apuv\u00e4lineist\u00e4 on?<\/li><li>Mist\u00e4 apuv\u00e4lineit\u00e4 saa?<\/li><li>Erilaisia esitteit\u00e4<\/li><\/ul><p>Haluatko jotain edellisist\u00e4? Voit tilata toiveidesi mukaisen koulutuksen tai pidennetyn tietoiskun. Hinnaston ulkopuolisista kokonaisuuksista ja niiden hinnoista sovitaan kunkin tilaajan kanssa erikseen.<\/p><p>Koulutuksista ja informaatiosta vastaavat yhdistyksen j\u00e4senet, joten paikalla on aina asiantuntija.<\/p>\t\t\t\t\t\t\t\t<\/div>\n\t\t\t\t<\/div>\n\t\t\t\t\t<\/div>\n\t\t\t\t<\/div>\n\t\t\t\t<\/div>\n\t\t","protected":false},"excerpt":{"rendered":"<p>Tietoa n\u00e4k\u00f6vammaisuudesta Tarvitseeko ty\u00f6yhteis\u00f6si tietoa n\u00e4k\u00f6vammaisuudesta? Onko yhdistyksesi kiinnostunut n\u00e4k\u00f6vammaisten apuv\u00e4lineist\u00e4 ja el\u00e4m\u00e4st\u00e4? Kaipaavatko opintosi lis\u00e4tietoja n\u00e4k\u00f6vammoista ja niiden vaikutuksesta arkeen? Salon N\u00e4k\u00f6vammaiset ry. tiet\u00e4\u00e4, mist\u00e4 puhuu. Yhdistys toimii Salon seudulla ja on n\u00e4k\u00f6vammaisasioiden asiantuntija. Ole rohkeasti yhteydess\u00e4, jos tarvitset digipalveluittesi testaamista, tietoa tai koulutusta. Yhdistys tarjoaa eri tahoille verkkosivujen saavutettavuuden testaamista, tietoiskuja, informaatiota ja &#8230; <a title=\"Tietoa n\u00e4k\u00f6vammaisuudesta\" class=\"read-more\" href=\"https:\/\/snvdemo.konstfabrik.fi\/index.php\/tietoa-nakovammaisuudesta\/\" aria-label=\"Lue lis\u00e4\u00e4 aiheesta Tietoa n\u00e4k\u00f6vammaisuudesta\">Lue lis\u00e4\u00e4<\/a><\/p>\n","protected":false},"author":1,"featured_media":0,"parent":0,"menu_order":0,"comment_status":"closed","ping_status":"closed","template":"","meta":{"footnotes":""},"class_list":["post-181","page","type-page","status-publish"],"_links":{"self":[{"href":"https:\/\/snvdemo.konstfabrik.fi\/index.php\/wp-json\/wp\/v2\/pages\/181","targetHints":{"allow":["GET"]}}],"collection":[{"href":"https:\/\/snvdemo.konstfabrik.fi\/index.php\/wp-json\/wp\/v2\/pages"}],"about":[{"href":"https:\/\/snvdemo.konstfabrik.fi\/index.php\/wp-json\/wp\/v2\/types\/page"}],"author":[{"embeddable":true,"href":"https:\/\/snvdemo.konstfabrik.fi\/index.php\/wp-json\/wp\/v2\/users\/1"}],"replies":[{"embeddable":true,"href":"https:\/\/snvdemo.konstfabrik.fi\/index.php\/wp-json\/wp\/v2\/comments?post=181"}],"version-history":[{"count":35,"href":"https:\/\/snvdemo.konstfabrik.fi\/index.php\/wp-json\/wp\/v2\/pages\/181\/revisions"}],"predecessor-version":[{"id":591,"href":"https:\/\/snvdemo.konstfabrik.fi\/index.php\/wp-json\/wp\/v2\/pages\/181\/revisions\/591"}],"wp:attachment":[{"href":"https:\/\/snvdemo.konstfabrik.fi\/index.php\/wp-json\/wp\/v2\/media?parent=181"}],"curies":[{"name":"wp","href":"https:\/\/api.w.org\/{rel}","templated":true}]}}