{"id":138,"date":"2024-09-15T05:27:47","date_gmt":"2024-09-15T05:27:47","guid":{"rendered":"http:\/\/snvdemo.konstfabrik.fi\/?page_id=138"},"modified":"2025-01-24T11:35:17","modified_gmt":"2025-01-24T11:35:17","slug":"jasenasiat","status":"publish","type":"page","link":"https:\/\/snvdemo.konstfabrik.fi\/index.php\/jasenasiat\/","title":{"rendered":"J\u00e4senasiat"},"content":{"rendered":"\t\t<div data-elementor-type=\"wp-page\" data-elementor-id=\"138\" class=\"elementor elementor-138\">\n\t\t\t\t<div class=\"elementor-element elementor-element-368594b e-flex e-con-boxed e-con e-parent\" data-id=\"368594b\" data-element_type=\"container\" data-e-type=\"container\">\n\t\t\t\t\t<div class=\"e-con-inner\">\n\t\t\t\t<div class=\"elementor-element elementor-element-85c4378 elementor-widget elementor-widget-heading\" data-id=\"85c4378\" data-element_type=\"widget\" data-e-type=\"widget\" data-widget_type=\"heading.default\">\n\t\t\t\t<div class=\"elementor-widget-container\">\n\t\t\t\t\t<h2 class=\"elementor-heading-title elementor-size-default\">J\u00e4senasiat<\/h2>\t\t\t\t<\/div>\n\t\t\t\t<\/div>\n\t\t\t\t<div class=\"elementor-element elementor-element-067cdc1 elementor-widget elementor-widget-text-editor\" data-id=\"067cdc1\" data-element_type=\"widget\" data-e-type=\"widget\" data-widget_type=\"text-editor.default\">\n\t\t\t\t<div class=\"elementor-widget-container\">\n\t\t\t\t\t\t\t\t\t<h4><strong>LIITTYMISOHJEET SALON N\u00c4K\u00d6VAMMAISET RY:N J\u00c4SENEKSI<\/strong><\/h4><p>Yhdistyksen j\u00e4senet ovat joko varsinaisia- tai kannatusj\u00e4seni\u00e4. Valitse ensin itsellesi sopiva j\u00e4senyys! Mik\u00e4li sinulla on kysytt\u00e4v\u00e4\u00e4 j\u00e4senyydest\u00e4, ota yhteys j\u00e4senvastaavaan!<\/p><p>Kaikki j\u00e4senhakemukset ja ilmoitukset halukkuudesta j\u00e4seneksi l\u00e4het\u00e4\u00e4n yhdistyksen j\u00e4senvastaavalle:<\/p><ul><li>P\u00e4ivi Vigg, M\u00e4ntytie 30, 25500 Perni\u00f6<\/li><li>jasenvastaava@salonnakovammaiset.fi<\/li><\/ul><p>J\u00e4senhakemuslomakkeen l\u00f6yt\u00e4\u00e4 t\u00e4st\u00e4:\u00a0<a title=\"Excel-tiedosto\" href=\"http:\/\/snvdemo.konstfabrik.fi\/data\/uploads\/jasenhakulomake.xls\">jasenhakulomake.xls<\/a><\/p><p>J\u00e4senhakemuksen saa verkkosivujen lis\u00e4ksi Salon Sytyn (Helsingintie 6, Salo) toimistosta, jonne sen voi t\u00e4ytettyn\u00e4 palauttaa.<\/p><p><strong>KANNATUSJ\u00c4SEN<\/strong><\/p><p>Kannatusj\u00e4seneksi p\u00e4\u00e4see jokainen Suomen kansalainen tai t\u00e4\u00e4ll\u00e4 toimiva oikeuskelpoinen yhteis\u00f6, joka maksaa vuosikokouksen kannatusj\u00e4senille m\u00e4\u00e4r\u00e4\u00e4m\u00e4n vuotuisen maksun.<\/p><p>Jos haluat liitty\u00e4 kannatusj\u00e4seneksi, ilmoita nimesi ja yhteystietosi j\u00e4senvastaavallemme. Paluupostissa saat kannatusj\u00e4senmaksun. Kun olet maksanut j\u00e4senmaksun, olet kannatusj\u00e4sen. N\u00e4in helppoa se on!<\/p><p><strong>VARSINAINEN J\u00c4SEN<\/strong><\/p><p>Varsinaiseksi j\u00e4seneksi yhdistyksen hallitus voi kirjallisesta anomuksesta hyv\u00e4ksy\u00e4 toiminta-alueella asuvan n\u00e4k\u00f6vammaisen, jonka n\u00e4k\u00f6vammasta on oleellista haittaa p\u00e4ivitt\u00e4isiss\u00e4 toiminnoissa. J\u00e4seneksi voidaan hyv\u00e4ksy\u00e4 vain Suomen kansalainen. Varsinaiseksi j\u00e4seneksi haetaan j\u00e4senlomakkeella. L\u00f6yd\u00e4t j\u00e4senlomakkeen t\u00e4lt\u00e4 kotisivulta linkin &#8221;j\u00e4senhakemus&#8221; takaa. T\u00e4yt\u00e4 se ja palauta t\u00e4ytettyn\u00e4 sek\u00e4 l\u00e4\u00e4k\u00e4rinlausunnolla lis\u00e4ttyn\u00e4 j\u00e4senvastaavalle. L\u00e4\u00e4k\u00e4rinlausunnon saat takaisin itsellesi.<\/p><p><strong>J\u00c4SENMAKSUT VUONNA 2024<\/strong><\/p><p><strong>Kannatusj\u00e4senmaksut<\/strong><\/p><ul><li>Yksil\u00f6j\u00e4senmaksu\u00a0 20\u20ac<\/li><li>Yhteis\u00f6j\u00e4senmaksu\u00a0 75\u20ac<\/li><\/ul><p><strong>Varsinaiset j\u00e4senmaksut<\/strong><\/p><ul><li>Vuotuinen j\u00e4senmaksu\u00a0 15\u20ac<\/li><li>Kertakaikkinen j\u00e4senmaksu\u00a0 75\u20ac<\/li><\/ul><p>Liittymismaksua ei ole.<\/p><h2><strong>Palveluopas<\/strong><\/h2><p>Uusimman N\u00e4k\u00f6vammaisten palveluoppaan l\u00f6yd\u00e4t t\u00e4st\u00e4 osoitteesta: <a href=\"https:\/\/www.nakovammaistenliitto.fi\/fi\/palveluopas\">https:\/\/www.nakovammaistenliitto.fi\/fi\/palveluopas<\/a><\/p><p><a href=\"http:\/\/www.vsn.fi\">Varsinais-Suomen N\u00e4k\u00f6vammaiset<\/a><\/p>\t\t\t\t\t\t\t\t<\/div>\n\t\t\t\t<\/div>\n\t\t\t\t\t<\/div>\n\t\t\t\t<\/div>\n\t\t\t\t<\/div>\n\t\t","protected":false},"excerpt":{"rendered":"<p>J\u00e4senasiat LIITTYMISOHJEET SALON N\u00c4K\u00d6VAMMAISET RY:N J\u00c4SENEKSI Yhdistyksen j\u00e4senet ovat joko varsinaisia- tai kannatusj\u00e4seni\u00e4. Valitse ensin itsellesi sopiva j\u00e4senyys! Mik\u00e4li sinulla on kysytt\u00e4v\u00e4\u00e4 j\u00e4senyydest\u00e4, ota yhteys j\u00e4senvastaavaan! Kaikki j\u00e4senhakemukset ja ilmoitukset halukkuudesta j\u00e4seneksi l\u00e4het\u00e4\u00e4n yhdistyksen j\u00e4senvastaavalle: P\u00e4ivi Vigg, M\u00e4ntytie 30, 25500 Perni\u00f6 jasenvastaava@salonnakovammaiset.fi J\u00e4senhakemuslomakkeen l\u00f6yt\u00e4\u00e4 t\u00e4st\u00e4:\u00a0jasenhakulomake.xls J\u00e4senhakemuksen saa verkkosivujen lis\u00e4ksi Salon Sytyn (Helsingintie 6, Salo) toimistosta, &#8230; <a title=\"J\u00e4senasiat\" class=\"read-more\" href=\"https:\/\/snvdemo.konstfabrik.fi\/index.php\/jasenasiat\/\" aria-label=\"Lue lis\u00e4\u00e4 aiheesta J\u00e4senasiat\">Lue lis\u00e4\u00e4<\/a><\/p>\n","protected":false},"author":1,"featured_media":0,"parent":0,"menu_order":0,"comment_status":"closed","ping_status":"closed","template":"","meta":{"footnotes":""},"class_list":["post-138","page","type-page","status-publish"],"_links":{"self":[{"href":"https:\/\/snvdemo.konstfabrik.fi\/index.php\/wp-json\/wp\/v2\/pages\/138","targetHints":{"allow":["GET"]}}],"collection":[{"href":"https:\/\/snvdemo.konstfabrik.fi\/index.php\/wp-json\/wp\/v2\/pages"}],"about":[{"href":"https:\/\/snvdemo.konstfabrik.fi\/index.php\/wp-json\/wp\/v2\/types\/page"}],"author":[{"embeddable":true,"href":"https:\/\/snvdemo.konstfabrik.fi\/index.php\/wp-json\/wp\/v2\/users\/1"}],"replies":[{"embeddable":true,"href":"https:\/\/snvdemo.konstfabrik.fi\/index.php\/wp-json\/wp\/v2\/comments?post=138"}],"version-history":[{"count":63,"href":"https:\/\/snvdemo.konstfabrik.fi\/index.php\/wp-json\/wp\/v2\/pages\/138\/revisions"}],"predecessor-version":[{"id":630,"href":"https:\/\/snvdemo.konstfabrik.fi\/index.php\/wp-json\/wp\/v2\/pages\/138\/revisions\/630"}],"wp:attachment":[{"href":"https:\/\/snvdemo.konstfabrik.fi\/index.php\/wp-json\/wp\/v2\/media?parent=138"}],"curies":[{"name":"wp","href":"https:\/\/api.w.org\/{rel}","templated":true}]}}